{"id":121,"date":"2014-02-27T14:43:39","date_gmt":"2014-02-27T13:43:39","guid":{"rendered":"http:\/\/www.galassigabriele.eu\/?page_id=121"},"modified":"2020-03-26T16:37:46","modified_gmt":"2020-03-26T15:37:46","slug":"link-download","status":"publish","type":"page","link":"https:\/\/www.galassi.pro\/?page_id=121","title":{"rendered":"Link &#038; Download"},"content":{"rendered":"<p style=\"color: #222222;\"><strong><a title=\"ANPEQ\" href=\"http:\/\/www.anpeq.it\/index.php\" target=\"_blank\" rel=\"noopener noreferrer\">ANPEQ<\/a><\/strong>\u00a0(Associazione Nazionale Professionale Esperti Qualificati in Radioprotezione)<\/p>\n<p style=\"color: #222222;\"><a href=\"\/wp-content\/uploads\/2014\/02\/DSCF5505_XRay_particolare_rid.jpg\"><img loading=\"lazy\" decoding=\"async\" class=\"aligncenter size-medium wp-image-536\" src=\"\/wp-content\/uploads\/2014\/02\/DSCF5505_XRay_particolare_rid-300x224.jpg\" alt=\"DSCF5505_XRay_particolare_rid\" width=\"300\" height=\"224\" srcset=\"https:\/\/www.galassi.pro\/wp-content\/uploads\/2014\/02\/DSCF5505_XRay_particolare_rid-300x224.jpg 300w, https:\/\/www.galassi.pro\/wp-content\/uploads\/2014\/02\/DSCF5505_XRay_particolare_rid.jpg 595w\" sizes=\"auto, (max-width: 300px) 100vw, 300px\" \/><\/a><\/p>\n<p style=\"color: #222222;\"><a title=\"Consulta Interassociativa Italiana Prevenzione\" href=\"http:\/\/www.ciip-consulta.it\/\" target=\"_blank\" rel=\"noopener noreferrer\"><strong>CIIP<\/strong> Consulta Interassociativa Italiana per la Prevenzione<\/a><\/p>\n<p style=\"color: #222222;\"><a title=\"Elenco EQ agg. 03\/07\/2018\" href=\"http:\/\/www.lavoro.gov.it\/temi-e-priorita\/salute-e-sicurezza\/focus-on\/Esperti-qualificati\/Documents\/Elenco-Esperti-Qualificati-aggiornato-al-03-luglio-2018.pdf\" target=\"_blank\" rel=\"noopener noreferrer\"><strong>Esperti Qualificati<\/strong> (Elenco Nazionale Min.Lavoro e Politiche Sociali)<\/a><\/p>\n<p style=\"color: #222222;\"><a title=\"Medici Autorizzati in Radioprotezione (agg. 03\/07\/2018)\" href=\"http:\/\/www.lavoro.gov.it\/temi-e-priorita\/salute-e-sicurezza\/focus-on\/Medici-autorizzati\/Documents\/Elenco-Medici-Autorizzati-aggiornato-al-03-luglio-2018.pdf\" target=\"_blank\" rel=\"noopener noreferrer\"><strong>Medici Autorizzati<\/strong>\u00a0(Elenco Nazionale Min.Lavoro e Politiche Sociali)<\/a><\/p>\n<p style=\"color: #222222;\"><a title=\"Ministero del Lavoro\" href=\"http:\/\/www.lavoro.gov.it\/temi-e-priorita\/salute-e-sicurezza\/focus-on\/Pagine\/default.aspx\" target=\"_blank\" rel=\"noopener noreferrer\"><strong>Ministero del Lavoro e delle Politiche Sociali<\/strong> &#8211; Sezione Sicurezza<\/a><\/p>\n<p style=\"color: #222222;\"><a title=\"Portale Agenti Fisisci\" href=\"http:\/\/www.portaleagentifisici.it\" target=\"_blank\" rel=\"noopener noreferrer\"><strong>Portale Agenti Fisisci<\/strong><\/a><\/p>\n<p style=\"color: #222222;\"><a title=\"NTP-Europe CERTIFICATI\" href=\"http:\/\/www.ntp-europe.eu\/pdf-downloads\/\" target=\"_blank\" rel=\"noopener noreferrer\"><strong>Ntp-europe.eu<\/strong> (Ceritficazione contenitori GammaMat e altro)<\/a><\/p>\n<p style=\"color: #222222;\"><a title=\"Indirizzi PEC Direzioni Territoriali 2018\" href=\"http:\/\/sitiarcheologici.lavoro.gov.it\/Strumenti\/pec\/Pages\/defaultPEC.aspx\" target=\"_blank\" rel=\"noopener noreferrer\">Indirizzi PEC <strong>Direzioni Provinciali<\/strong> del Lavoro<\/a><\/p>\n<p style=\"color: #222222;\"><a title=\"Indirizzi PEC VV.FF. (Sito Nazionale)\" href=\"http:\/\/www.vigilfuoco.it\/aspx\/emailcert.aspx\" target=\"_blank\" rel=\"noopener noreferrer\">Indirizzi PEC <strong>VV.FF.<\/strong> (sito nazionale)<\/a><\/p>\n<p style=\"color: #222222;\"><strong><a title=\"Statistiche\" href=\"https:\/\/www.worldometers.info\" target=\"_blank\" rel=\"noopener noreferrer\">World meters<\/a><\/strong>, il sito che indica in tempo reale ci\u00f2 che accade sulla Terra, affrontando tematiche diverse, dalla demografia all&#8217;ambiente, dalla medicina all&#8217;economia. Il calcolo di ci\u00f2 che accade in un minuto \u00e8, in realt\u00e0, solo una delle possibilit\u00e0 offerte dal portale.<\/p>\n<p style=\"color: #222222;\"><a title=\"Ricerca contatti PUBBLICHE AMMINISTRAZIONI\" href=\"http:\/\/www.indicepa.gov.it\/documentale\/index.php\" target=\"_blank\" rel=\"noopener noreferrer\"><strong>iPA<\/strong> (Indice delle Pubbliche Amministrazioni)<\/a><\/p>\n<p style=\"color: #222222;\"><a title=\"IAEA International Atomic Energy Agency\" href=\"http:\/\/www.iaea.org\" target=\"_blank\" rel=\"noopener noreferrer\"><strong>IAEA<\/strong> (International Atomic Energy Agency)<\/a><\/p>\n<p style=\"color: #222222;\"><a title=\"AIRP sito ufficiale\" href=\"http:\/\/www.airp-asso.it\" target=\"_blank\" rel=\"noopener noreferrer\"><strong>AIRP-IRPA<\/strong> (Associazione Italiana di Radioprotezione)<\/a><\/p>\n<p style=\"color: #222222;\"><a title=\"ISPRA\" href=\"https:\/\/tradaweb.isinucleare.it\/acl_users\/credentials_cookie_auth\/require_login?came_from=https%3A\/\/tradaweb.isinucleare.it\/\" target=\"_blank\" rel=\"noopener noreferrer\"><strong>ISPRA<\/strong> (Istituto Superiore per la Protezione e la Ricerca Ambientale)<\/a><\/p>\n<p><a title=\"ISPRA\" href=\"https:\/\/tradaweb.isinucleare.it\/acl_users\/credentials_cookie_auth\/require_login?came_from=https%3A\/\/tradaweb.isinucleare.it\/\" target=\"_blank\" rel=\"noopener noreferrer\"><strong>ISIN<\/strong>\u00a0(TradaWeb)<\/a><\/p>\n<p style=\"color: #222222;\"><a href=\"http:\/\/www.radioprotezione.org\" target=\"_blank\" rel=\"noopener noreferrer\">Radioprotezione.org<\/a><\/p>\n<p style=\"color: #222222;\"><a title=\"Attestato d'Iscrizione E.Q. 1984\" href=\"\/pdf\/Iscrizione_EQ28061984.pdf\" target=\"_blank\" rel=\"noopener noreferrer\">Attestato Iscrizione E.Q. (28 giugno 1984<\/a>)<\/p>\n<p style=\"color: #222222;\"><a title=\"Attestato ISPESL 2010\" href=\"\/pdf\/ISPESL_NIR_19-23_04_2010-firm.pdf\" target=\"_blank\" rel=\"noopener noreferrer\">Attestato <strong>ISPESL<\/strong> 2010<\/a> (Radiazioni Ottiche Artificiali)<\/p>\n<p style=\"color: #222222;\"><a title=\"Curriculum Europeo, Agg.2012\" href=\"\/pdf\/Europass-CV-120426_Galassi.pdf\" target=\"_blank\" rel=\"noopener noreferrer\"><strong>Europass CV<\/strong><\/a> (Curriculum Europeo, AGG.2012)<\/p>\n<p style=\"text-align: center;\"><a href=\"\/Presentazioni\/Ing.F.Pastremoli.pdf\" target=\"_blank\" rel=\"noopener noreferrer\"><strong>Pdf del Corso di Formazione del 16\/11\/2013,\u00a0<\/strong><strong>Centro Culturale \u201cF. Fellini\u201d Gambettola (FC)<\/strong><\/a><\/p>\n<p style=\"text-align: center;\"><a title=\"Corso di Formazione 2013\" href=\"\/wp-content\/uploads\/2014\/02\/Convegno_16-11-2013_IMG_4199.jpg\" target=\"_blank\" rel=\"noopener noreferrer\"><img loading=\"lazy\" decoding=\"async\" class=\"alignnone size-medium wp-image-239\" src=\"\/wp-content\/uploads\/2014\/02\/Convegno_16-11-2013_IMG_4199-300x221.jpg\" alt=\"Convegno_16-11-2013_IMG_4199\" width=\"300\" height=\"221\" srcset=\"https:\/\/www.galassi.pro\/wp-content\/uploads\/2014\/02\/Convegno_16-11-2013_IMG_4199-300x221.jpg 300w, https:\/\/www.galassi.pro\/wp-content\/uploads\/2014\/02\/Convegno_16-11-2013_IMG_4199-800x589.jpg 800w, https:\/\/www.galassi.pro\/wp-content\/uploads\/2014\/02\/Convegno_16-11-2013_IMG_4199.jpg 1000w\" sizes=\"auto, (max-width: 300px) 100vw, 300px\" \/><\/a><\/p>\n<p style=\"text-align: center;\">Organizzazione: Dr. G.Galassi e Ing. F.Pastremoli;\u00a0Centro Culturale \u201cFederico Fellini\u201d Gambettola (FC)<\/p>\n<p><a title=\"F.Pastremoli\" href=\"\/Presentazioni\/Ing.F.Pastremoli.pdf\" target=\"_blank\" rel=\"noopener noreferrer\"><img loading=\"lazy\" decoding=\"async\" class=\"alignnone size-full wp-image-129 aligncenter\" src=\"\/wp-content\/uploads\/2014\/02\/SLIDE_16112013.jpg\" alt=\"SLIDE_16112013\" width=\"280\" height=\"209\" \/><\/a><\/p>\n<ol>\n<li><a title=\"G.Zambelli\" href=\"\/Presentazioni\/Dott.G.Zambelli.pdf\" target=\"_blank\" rel=\"noopener noreferrer\">Intervento Dr. G.Zambelli<\/a><\/li>\n<li><a title=\"S.Manenti\" href=\"\/Presentazioni\/Ing.S.Manenti.pdf\" target=\"_blank\" rel=\"noopener noreferrer\">Intervento Ing. S.Manenti<\/a><\/li>\n<\/ol>\n<p><a title=\"Conversioni a SI\" href=\"\/Presentazioni\/UNITA-SI.pdf\" target=\"_blank\" rel=\"noopener noreferrer\"><img loading=\"lazy\" decoding=\"async\" class=\"alignnone size-full wp-image-154 aligncenter\" src=\"\/wp-content\/uploads\/2014\/02\/Exposure_UNITS_rid.jpg\" alt=\"Exposure_UNITS_rid\" width=\"300\" height=\"435\" srcset=\"https:\/\/www.galassi.pro\/wp-content\/uploads\/2014\/02\/Exposure_UNITS_rid.jpg 300w, https:\/\/www.galassi.pro\/wp-content\/uploads\/2014\/02\/Exposure_UNITS_rid-206x300.jpg 206w\" sizes=\"auto, (max-width: 300px) 100vw, 300px\" \/><\/a><\/p>\n<hr width=\"500\" \/>\n<p style=\"text-align: center;\">in collaborazione con le<strong> AZIENDE<\/strong>:<\/p>\n<p style=\"text-align: center;\"><a title=\"Campoverde group\" href=\"http:\/\/www.campoverde-group.com\" target=\"_blank\" rel=\"noopener noreferrer\"><img loading=\"lazy\" decoding=\"async\" class=\"alignnone size-full wp-image-136\" src=\"\/wp-content\/uploads\/2014\/02\/Campoverde2.jpg\" alt=\"Campoverde2\" width=\"232\" height=\"60\" \/><\/a>\u00a0<a title=\"Gruppo Laboratori Protez\" href=\"http:\/\/www.protexgroup.com\" target=\"_blank\" rel=\"noopener noreferrer\"><img loading=\"lazy\" decoding=\"async\" class=\"alignnone size-full wp-image-137\" src=\"\/wp-content\/uploads\/2014\/02\/Protex2_rid.jpg\" alt=\"Protex2_rid\" width=\"207\" height=\"60\" \/><\/a><\/p>\n<p style=\"text-align: center;\"><a title=\"Innova Servizi\" href=\"http:\/\/www.innovagruppo.it\/servizi\/\" target=\"_blank\" rel=\"noopener noreferrer\"><img loading=\"lazy\" decoding=\"async\" class=\"alignnone size-medium wp-image-495\" src=\"\/wp-content\/uploads\/2014\/02\/logo_Innova_nuovo-300x143.jpg\" alt=\"logo_Innova_nuovo\" width=\"300\" height=\"143\" srcset=\"https:\/\/www.galassi.pro\/wp-content\/uploads\/2014\/02\/logo_Innova_nuovo-300x143.jpg 300w, https:\/\/www.galassi.pro\/wp-content\/uploads\/2014\/02\/logo_Innova_nuovo-1024x489.jpg 1024w, https:\/\/www.galassi.pro\/wp-content\/uploads\/2014\/02\/logo_Innova_nuovo-800x382.jpg 800w, https:\/\/www.galassi.pro\/wp-content\/uploads\/2014\/02\/logo_Innova_nuovo.jpg 1163w\" sizes=\"auto, (max-width: 300px) 100vw, 300px\" \/><\/a><\/p>\n<hr width=\"500\" \/>\n<p style=\"text-align: center;\"><a href=\"\/wp-content\/uploads\/2014\/02\/Portale1_IMG_4235.jpg\"><img loading=\"lazy\" decoding=\"async\" class=\"alignnone  wp-image-256\" src=\"\/wp-content\/uploads\/2014\/02\/Portale1_IMG_4235-300x224.jpg\" alt=\"Portale1_IMG_4235\" width=\"240\" height=\"179\" srcset=\"https:\/\/www.galassi.pro\/wp-content\/uploads\/2014\/02\/Portale1_IMG_4235-300x224.jpg 300w, https:\/\/www.galassi.pro\/wp-content\/uploads\/2014\/02\/Portale1_IMG_4235-800x597.jpg 800w, https:\/\/www.galassi.pro\/wp-content\/uploads\/2014\/02\/Portale1_IMG_4235.jpg 1000w\" sizes=\"auto, (max-width: 240px) 100vw, 240px\" \/><\/a><a href=\"\/wp-content\/uploads\/2014\/02\/Portale2_IMG_4232.jpg\"><img loading=\"lazy\" decoding=\"async\" class=\"alignnone  wp-image-257\" src=\"\/wp-content\/uploads\/2014\/02\/Portale2_IMG_4232-300x229.jpg\" alt=\"Portale2_IMG_4232\" width=\"240\" height=\"183\" srcset=\"https:\/\/www.galassi.pro\/wp-content\/uploads\/2014\/02\/Portale2_IMG_4232-300x229.jpg 300w, https:\/\/www.galassi.pro\/wp-content\/uploads\/2014\/02\/Portale2_IMG_4232-800x612.jpg 800w, https:\/\/www.galassi.pro\/wp-content\/uploads\/2014\/02\/Portale2_IMG_4232.jpg 1000w\" sizes=\"auto, (max-width: 240px) 100vw, 240px\" \/><\/a><\/p>\n<p style=\"text-align: justify;\"><strong>Portale \u201cexploranium\u201d<\/strong> operativo in uno dei tanti esercizi di raccolta e commercio rottami. Il problema della possibile contaminazione dell&#8217;acciaio con sorgenti radioattive \u00e8 un argomento che pu\u00f2 preoccupare l&#8217;utilizzatore. Alcune notizie apparse sulla stampa, negli anni passati hanno inoltre rafforzato queste preoccupazioni. Ma \u00e8 un argomento che preoccupa anche il produttore di acciaio perch\u00e9 se per sventura dovesse essere fusa una sorgente radioattiva la bonifica di quanto risulterebbe contaminato &#8211; acciaio, impianti ecc. &#8211; costituirebbe un problema di non facile soluzione ed un onere economicamente molto pesante per qualsiasi azienda.<\/p>\n<hr width=\"500\" \/>\n<p style=\"text-align: center;\"><img loading=\"lazy\" decoding=\"async\" class=\"size-full wp-image-168\" src=\"\/wp-content\/uploads\/2014\/02\/Litorale.jpg\" alt=\"Litorale\" width=\"600\" height=\"234\" srcset=\"https:\/\/www.galassi.pro\/wp-content\/uploads\/2014\/02\/Litorale.jpg 600w, https:\/\/www.galassi.pro\/wp-content\/uploads\/2014\/02\/Litorale-300x117.jpg 300w\" sizes=\"auto, (max-width: 600px) 100vw, 600px\" \/><\/p>\n<p style=\"text-align: center;\">Litorale Romagnolo (2008)<\/p>\n","protected":false},"excerpt":{"rendered":"<p>ANPEQ\u00a0(Associazione Nazionale Professionale Esperti Qualificati in Radioprotezione) CIIP Consulta Interassociativa Italiana per la Prevenzione Esperti Qualificati (Elenco Nazionale Min.Lavoro e Politiche Sociali) Medici Autorizzati\u00a0(Elenco Nazionale Min.Lavoro e Politiche Sociali) Ministero del Lavoro e delle Politiche Sociali &#8211; Sezione Sicurezza Portale Agenti Fisisci Ntp-europe.eu (Ceritficazione contenitori GammaMat e altro) Indirizzi PEC Direzioni Provinciali del Lavoro Indirizzi&#8230;<\/p>\n","protected":false},"author":1,"featured_media":0,"parent":0,"menu_order":0,"comment_status":"closed","ping_status":"closed","template":"","meta":{"footnotes":""},"class_list":["post-121","page","type-page","status-publish","hentry"],"_links":{"self":[{"href":"https:\/\/www.galassi.pro\/index.php?rest_route=\/wp\/v2\/pages\/121","targetHints":{"allow":["GET"]}}],"collection":[{"href":"https:\/\/www.galassi.pro\/index.php?rest_route=\/wp\/v2\/pages"}],"about":[{"href":"https:\/\/www.galassi.pro\/index.php?rest_route=\/wp\/v2\/types\/page"}],"author":[{"embeddable":true,"href":"https:\/\/www.galassi.pro\/index.php?rest_route=\/wp\/v2\/users\/1"}],"replies":[{"embeddable":true,"href":"https:\/\/www.galassi.pro\/index.php?rest_route=%2Fwp%2Fv2%2Fcomments&post=121"}],"version-history":[{"count":88,"href":"https:\/\/www.galassi.pro\/index.php?rest_route=\/wp\/v2\/pages\/121\/revisions"}],"predecessor-version":[{"id":735,"href":"https:\/\/www.galassi.pro\/index.php?rest_route=\/wp\/v2\/pages\/121\/revisions\/735"}],"wp:attachment":[{"href":"https:\/\/www.galassi.pro\/index.php?rest_route=%2Fwp%2Fv2%2Fmedia&parent=121"}],"curies":[{"name":"wp","href":"https:\/\/api.w.org\/{rel}","templated":true}]}}